{"id":2152,"date":"2024-04-17T18:06:54","date_gmt":"2024-04-17T13:36:54","guid":{"rendered":"https:\/\/hrmnia.com\/blog_new\/"},"modified":"2024-04-17T19:09:15","modified_gmt":"2024-04-17T14:39:15","slug":"blog_new","status":"publish","type":"page","link":"https:\/\/old.hrmnia.com\/tr\/blog_new\/","title":{"rendered":"blog_new"},"content":{"rendered":"\t\t<div data-elementor-type=\"wp-page\" data-elementor-id=\"2152\" class=\"elementor elementor-2152 elementor-2141\" data-elementor-post-type=\"page\">\n\t\t\t\t\t\t<section data-particle_enable=\"false\" data-particle-mobile-disabled=\"false\" class=\"elementor-section elementor-top-section elementor-element elementor-element-f047b81 elementor-section-boxed elementor-section-height-default elementor-section-height-default\" data-id=\"f047b81\" data-element_type=\"section\" data-e-type=\"section\">\n\t\t\t\t\t\t<div class=\"elementor-container elementor-column-gap-default\">\n\t\t\t\t\t<div class=\"elementor-column elementor-col-16 elementor-top-column elementor-element elementor-element-224842e\" data-id=\"224842e\" data-element_type=\"column\" data-e-type=\"column\" data-settings=\"{&quot;background_background&quot;:&quot;classic&quot;}\">\n\t\t\t<div class=\"elementor-widget-wrap\">\n\t\t\t\t\t\t\t<\/div>\n\t\t<\/div>\n\t\t\t\t<div class=\"elementor-column elementor-col-66 elementor-top-column elementor-element elementor-element-7da0b35\" data-id=\"7da0b35\" data-element_type=\"column\" data-e-type=\"column\">\n\t\t\t<div class=\"elementor-widget-wrap elementor-element-populated\">\n\t\t\t\t\t\t<section data-particle_enable=\"false\" data-particle-mobile-disabled=\"false\" class=\"elementor-section elementor-inner-section elementor-element elementor-element-3f15aed elementor-section-boxed elementor-section-height-default elementor-section-height-default\" data-id=\"3f15aed\" data-element_type=\"section\" data-e-type=\"section\">\n\t\t\t\t\t\t<div class=\"elementor-container elementor-column-gap-default\">\n\t\t\t\t\t<div class=\"elementor-column elementor-col-50 elementor-inner-column elementor-element elementor-element-99d9419\" data-id=\"99d9419\" data-element_type=\"column\" data-e-type=\"column\">\n\t\t\t<div class=\"elementor-widget-wrap elementor-element-populated\">\n\t\t\t\t\t\t<div class=\"elementor-element elementor-element-44358a2 elementor-headline--style-highlight elementor-widget elementor-widget-animated-headline\" data-id=\"44358a2\" data-element_type=\"widget\" data-e-type=\"widget\" data-settings=\"{&quot;marker&quot;:&quot;underline&quot;,&quot;highlighted_text&quot;:&quot;Nesne&quot;,&quot;highlight_iteration_delay&quot;:5000,&quot;headline_style&quot;:&quot;highlight&quot;,&quot;loop&quot;:&quot;yes&quot;,&quot;highlight_animation_duration&quot;:1200}\" data-widget_type=\"animated-headline.default\">\n\t\t\t\t<div class=\"elementor-widget-container\">\n\t\t\t\t\t\t\t<h3 class=\"elementor-headline\">\n\t\t\t\t<span class=\"elementor-headline-dynamic-wrapper elementor-headline-text-wrapper\">\n\t\t\t\t\t<span class=\"elementor-headline-dynamic-text elementor-headline-text-active\">Nesne<\/span>\n\t\t\t\t<\/span>\n\t\t\t\t<\/h3>\n\t\t\t\t\t\t<\/div>\n\t\t\t\t<\/div>\n\t\t\t\t\t<\/div>\n\t\t<\/div>\n\t\t\t\t<div class=\"elementor-column elementor-col-50 elementor-inner-column elementor-element elementor-element-eae989b\" data-id=\"eae989b\" data-element_type=\"column\" data-e-type=\"column\">\n\t\t\t<div class=\"elementor-widget-wrap elementor-element-populated\">\n\t\t\t\t\t\t<div class=\"elementor-element elementor-element-6d25950 elementor-widget elementor-widget-eael-advanced-search\" data-id=\"6d25950\" data-element_type=\"widget\" data-e-type=\"widget\" data-widget_type=\"eael-advanced-search.default\">\n\t\t\t\t<div class=\"elementor-widget-container\">\n\t\t\t\t\t        <div class=\"eael-adv-search-wrapper\">\n            <div id=\"eael-advanced-search-widget-6d25950\" class=\"eael-advanced-search-widget\">\n                <form data-settings=\"{&quot;post_per_page&quot;:&quot;5&quot;,&quot;search_among_taxonomies&quot;:&quot;no&quot;,&quot;search_among_sku&quot;:&quot;no&quot;,&quot;show_popular_keyword&quot;:0,&quot;show_category&quot;:0,&quot;show_content_image&quot;:1,&quot;show_search_result_all_results&quot;:0,&quot;result_on_new_tab&quot;:&quot;no&quot;,&quot;show_product_price&quot;:&quot;&quot;,&quot;current_post_id&quot;:2152,&quot;post_type&quot;:[&quot;post&quot;]}\" method=\"POST\" name=\"eael-advanced-search-form-6d25950\" class=\"eael-advanced-search-form eael-advanced-search-form-style-2\">\n                    <div class=\"eael-advanced-search-wrap\">\n                        <span class=\"eael-adv-search-loader\"><\/span>\n                        <span class=\"eael-adv-search-close\"><i class=\"fas fa-times\"><\/i><\/span>\n                        <span class=\"icon \"><i class=\"fas fa-search\"><\/i><\/span>\n\n                        <input type=\"text\"\n                               placeholder=\"Makalelerde ara\"\n                               class=\"eael-advanced-search\" autocomplete=\"off\" name=\"eael_advanced_search\">\n                    <\/div>\n\t\t\t\t\t                                            <button class=\"eael-advanced-search-button\">Aramak<\/button>\n                                    <\/form>\n\n\t\t\t\t\n\t\t\t\t        <div class=\"eael-advanced-search-result\">\n            <div class=\"eael-advanced-search-popular-keyword\">\n\t\t\t\t<h4 class=\"eael-advanced-search-popular-keyword-text\">Yayg\u0131n olarak kullan\u0131lan kelimeler<\/h4>                <div class=\"eael-popular-keyword-content\"><\/div>\n            <\/div>\n            <div class=\"eael-advanced-search-category\">\n\t\t\t\t<h4 class=\"eael-advanced-search-category-text\">Categories<\/h4>                <div class=\"eael-popular-category-content\"><\/div>\n            <\/div>\n\t\t\t<div class=\"eael-advanced-search-total-results-section\">\n\t\t\t\t\t\t\t<\/div>\n            <div class=\"eael-advanced-search-content eael-item-style-1\">\n            <\/div>\n            <div class=\"eael-advanced-search-not-found\">\n                <p>Makale bulunamad\u0131<\/p><\/div>\n            <div class=\"eael-advanced-search-load-more\">\n\t\t\t\t<a \tclass=\"eael-advanced-search-load-more-button\"\n                \thref=\"#\">View All Results<\/a>\n            <\/div>\n        <\/div>\n\n\t\t <!-- Already escaped -->\n            <\/div>\n        <\/div>\n\n\t\t\t\t\t\t<\/div>\n\t\t\t\t<\/div>\n\t\t\t\t\t<\/div>\n\t\t<\/div>\n\t\t\t\t\t<\/div>\n\t\t<\/section>\n\t\t\t\t<div class=\"elementor-element elementor-element-1b9f5ee elementor-widget elementor-widget-eael-post-block\" data-id=\"1b9f5ee\" data-element_type=\"widget\" data-e-type=\"widget\" data-widget_type=\"eael-post-block.default\">\n\t\t\t\t<div class=\"elementor-widget-container\">\n\t\t\t\t\t<div id=\"eael-post-block-1b9f5ee\" class=\"eael-post-block default post-block-layout-block\">\n            <div class=\"eael-post-block-grid eael-post-appender eael-post-appender-1b9f5ee  \"><article class=\"eael-post-block-item eael-post-block-column\">\n    <div class=\"eael-post-block-item-holder\">\n        <div class=\"eael-post-block-item-holder-inner\"><div class=\"eael-entry-media\">\n                    <div class=\"eael-entry-overlay fade-in\"><i class=\"fab fa-readme\" aria-hidden=\"true\"><\/i><a href=\"https:\/\/old.hrmnia.com\/tr\/squarespace\/\"\n                    \n                    >\n                    <\/a>\n                    <\/div>\n                    <div class=\"eael-entry-thumbnail \">\n                        <img decoding=\"async\" src=\"https:\/\/old.hrmnia.com\/wp-content\/uploads\/2025\/08\/image-asset-300x202.webp\" alt=\"Squarespace\">\n                    <\/div>\n                <\/div><div class=\"eael-entry-wrapper\"><header class=\"eael-entry-header\"><h2 class=\"eael-entry-title\">\n                                    <a class=\"eael-grid-post-link\" href=\"https:\/\/old.hrmnia.com\/tr\/squarespace\/\" title=\"\u0631\u0627\u0647\u0646\u0645\u0627\u06cc \u0637\u0631\u0627\u062d\u06cc \u0633\u0627\u06cc\u062a \u0628\u0627 Squarespace\">\n                                    \u0631\u0627\u0647\u0646\u0645\u0627\u06cc \u0637\u0631\u0627\u062d\u06cc \u0633\u0627\u06cc\u062a \u0628\u0627 Squarespace\n                                    <\/a>\n\n                                <\/h2><\/header><div class=\"eael-entry-content\"><div class=\"eael-grid-post-excerpt\"><p>Squarespace, s\u00fcr\u00fckle-b\u0131rak \u00f6zelle\u015ftirmesiyle profesyonel, mobil uyumlu \u015fablonlar sunan kullan\u0131c\u0131 dostu bir web site olu\u015fturucudur - i\u015fletmeler, portfolyolar ve \u00e7evrimi\u00e7i ma\u011fazalar i\u00e7in idealdir. Hepsi bir arada...<\/p><a \n                                    href=\"https:\/\/old.hrmnia.com\/tr\/squarespace\/\" \n                                    class=\"eael-post-elements-readmore-btn\"\n                                    \n                                    >\n                                    Daha<\/a><\/div><\/div>\n                <\/div><\/div>\n    <\/div>\n<\/article><article class=\"eael-post-block-item eael-post-block-column\">\n    <div class=\"eael-post-block-item-holder\">\n        <div class=\"eael-post-block-item-holder-inner\"><div class=\"eael-entry-media\">\n                    <div class=\"eael-entry-overlay fade-in\"><i class=\"fab fa-readme\" aria-hidden=\"true\"><\/i><a href=\"https:\/\/old.hrmnia.com\/tr\/freelancing\/\"\n                    \n                    >\n                    <\/a>\n                    <\/div>\n                    <div class=\"eael-entry-thumbnail \">\n                        <img decoding=\"async\" src=\"https:\/\/old.hrmnia.com\/wp-content\/uploads\/2024\/10\/fl0-300x154.jpg\" alt=\"Freelanc \u0641\u0631\u06cc\u0644\u0646\u0633\u0631\">\n                    <\/div>\n                <\/div><div class=\"eael-entry-wrapper\"><header class=\"eael-entry-header\"><h2 class=\"eael-entry-title\">\n                                    <a class=\"eael-grid-post-link\" href=\"https:\/\/old.hrmnia.com\/tr\/freelancing\/\" title=\"Freelance \u00c7al\u0131\u015fma: Ba\u011f\u0131ms\u0131z \u00c7al\u0131\u015fma \u0130\u00e7in Kapsaml\u0131 Bir Rehber\">\n                                    Freelance \u00c7al\u0131\u015fma: Ba\u011f\u0131ms\u0131z \u00c7al\u0131\u015fma \u0130\u00e7in Kapsaml\u0131 Bir Rehber\n                                    <\/a>\n\n                                <\/h2><\/header><div class=\"eael-entry-content\"><div class=\"eael-grid-post-excerpt\"><p>Freelance \u00e7al\u0131\u015fma, belirli bir \u015firket veya kurulu\u015fa uzun vadeli ba\u011fl\u0131l\u0131k olmadan ba\u011f\u0131ms\u0131z \u00e7al\u0131\u015fmay\u0131 ifade eder. Bu \u00e7al\u0131\u015fma modelinde, genellikle \"freelancer\" olarak bilinen bireyler, m\u00fc\u015fterileri i\u00e7in...<\/p><a \n                                    href=\"https:\/\/old.hrmnia.com\/tr\/freelancing\/\" \n                                    class=\"eael-post-elements-readmore-btn\"\n                                    \n                                    >\n                                    Daha<\/a><\/div><\/div>\n                <\/div><\/div>\n    <\/div>\n<\/article><article class=\"eael-post-block-item eael-post-block-column\">\n    <div class=\"eael-post-block-item-holder\">\n        <div class=\"eael-post-block-item-holder-inner\"><div class=\"eael-entry-media\">\n                    <div class=\"eael-entry-overlay fade-in\"><i class=\"fab fa-readme\" aria-hidden=\"true\"><\/i><a href=\"https:\/\/old.hrmnia.com\/tr\/brain-abilities\/\"\n                    \n                    >\n                    <\/a>\n                    <\/div>\n                    <div class=\"eael-entry-thumbnail \">\n                        <img decoding=\"async\" src=\"https:\/\/old.hrmnia.com\/wp-content\/uploads\/2024\/06\/brain05-300x180.webp\" alt=\"Brain abilities\">\n                    <\/div>\n                <\/div><div class=\"eael-entry-wrapper\"><header class=\"eael-entry-header\"><h2 class=\"eael-entry-title\">\n                                    <a class=\"eael-grid-post-link\" href=\"https:\/\/old.hrmnia.com\/tr\/brain-abilities\/\" title=\"\u0130nsan beyninin yetenekleri hakk\u0131nda 7 nokta (Brain Abilities)\">\n                                    \u0130nsan beyninin yetenekleri hakk\u0131nda 7 nokta (Brain Abilities)\n                                    <\/a>\n\n                                <\/h2><\/header><div class=\"eael-entry-content\"><div class=\"eael-grid-post-excerpt\"><p>\u0130nsan beyni, d\u00fcnyadaki en karma\u015f\u0131k ve b\u00fcy\u00fcleyici do\u011fal yap\u0131lardan biridir. V\u00fccut a\u011f\u0131rl\u0131\u011f\u0131n\u0131n sadece yakla\u015f\u0131k %2'sini olu\u015fturan bu hayati organ, t\u00fcm bedensel ve zihinsel i\u015flevlerin kontrol\u00fcnden...<\/p><a \n                                    href=\"https:\/\/old.hrmnia.com\/tr\/brain-abilities\/\" \n                                    class=\"eael-post-elements-readmore-btn\"\n                                    \n                                    >\n                                    Daha<\/a><\/div><\/div>\n                <\/div><\/div>\n    <\/div>\n<\/article><article class=\"eael-post-block-item eael-post-block-column\">\n    <div class=\"eael-post-block-item-holder\">\n        <div class=\"eael-post-block-item-holder-inner\"><div class=\"eael-entry-media\">\n                    <div class=\"eael-entry-overlay fade-in\"><i class=\"fab fa-readme\" aria-hidden=\"true\"><\/i><a href=\"https:\/\/old.hrmnia.com\/tr\/modern-marketing\/\"\n                    \n                    >\n                    <\/a>\n                    <\/div>\n                    <div class=\"eael-entry-thumbnail \">\n                        <img decoding=\"async\" src=\"https:\/\/old.hrmnia.com\/wp-content\/uploads\/2024\/06\/modern-marketing1-3-300x200.jpg\" alt=\"Modern Marketing\">\n                    <\/div>\n                <\/div><div class=\"eael-entry-wrapper\"><header class=\"eael-entry-header\"><h2 class=\"eael-entry-title\">\n                                    <a class=\"eael-grid-post-link\" href=\"https:\/\/old.hrmnia.com\/tr\/modern-marketing\/\" title=\"Modern pazarlamaya (Modern Marketing)\">\n                                    Modern pazarlamaya (Modern Marketing)\n                                    <\/a>\n\n                                <\/h2><\/header><div class=\"eael-entry-content\"><div class=\"eael-grid-post-excerpt\"><p>Modern pazarlamaya ilgi \u00e7ekici d\u00fcnyas\u0131na dalal\u0131m. Bu makalede, modern pazarlaman\u0131n ne anlama geldi\u011fini, ana bile\u015fenlerini ve dijital \u00e7a\u011fda nas\u0131l b\u00fcy\u00fcmeyi tetikleyebilece\u011fini ke\u015ffedece\u011fiz.<\/p><a \n                                    href=\"https:\/\/old.hrmnia.com\/tr\/modern-marketing\/\" \n                                    class=\"eael-post-elements-readmore-btn\"\n                                    \n                                    >\n                                    Daha<\/a><\/div><\/div>\n                <\/div><\/div>\n    <\/div>\n<\/article><article class=\"eael-post-block-item eael-post-block-column\">\n    <div class=\"eael-post-block-item-holder\">\n        <div class=\"eael-post-block-item-holder-inner\"><div class=\"eael-entry-media\">\n                    <div class=\"eael-entry-overlay fade-in\"><i class=\"fab fa-readme\" aria-hidden=\"true\"><\/i><a href=\"https:\/\/old.hrmnia.com\/tr\/web\/\"\n                    \n                    >\n                    <\/a>\n                    <\/div>\n                    <div class=\"eael-entry-thumbnail \">\n                        <img decoding=\"async\" src=\"https:\/\/old.hrmnia.com\/wp-content\/uploads\/2024\/05\/web0-300x169.webp\" alt=\"hamidreza milaninia web\">\n                    <\/div>\n                <\/div><div class=\"eael-entry-wrapper\"><header class=\"eael-entry-header\"><h2 class=\"eael-entry-title\">\n                                    <a class=\"eael-grid-post-link\" href=\"https:\/\/old.hrmnia.com\/tr\/web\/\" title=\"D\u00fcnya \u00c7ap\u0131nda A\u011f (WEB): Dijital D\u00f6n\u00fc\u015f\u00fcm\u00fcn Bir Yolculu\u011fu\">\n                                    D\u00fcnya \u00c7ap\u0131nda A\u011f (WEB): Dijital D\u00f6n\u00fc\u015f\u00fcm\u00fcn Bir Yolculu\u011fu\n                                    <\/a>\n\n                                <\/h2><\/header><div class=\"eael-entry-content\"><div class=\"eael-grid-post-excerpt\"><p>D\u00fcnya \u00c7ap\u0131nda A\u011f, akademik i\u015fbirli\u011fi arac\u0131 olarak m\u00fctevaz\u0131 ba\u015flang\u0131\u00e7lar\u0131ndan bug\u00fcn\u00fcn modern ya\u015fam\u0131n\u0131n vazge\u00e7ilmez bir par\u00e7as\u0131 haline gelmi\u015ftir. Evrimi, ba\u011flanabilirlik, bilgi ve yenilik aray\u0131\u015f\u0131m\u0131z\u0131 yans\u0131tmaktad\u0131r. Web\u2019in...<\/p><a \n                                    href=\"https:\/\/old.hrmnia.com\/tr\/web\/\" \n                                    class=\"eael-post-elements-readmore-btn\"\n                                    \n                                    >\n                                    Daha<\/a><\/div><\/div>\n                <\/div><\/div>\n    <\/div>\n<\/article><article class=\"eael-post-block-item eael-post-block-column\">\n    <div class=\"eael-post-block-item-holder\">\n        <div class=\"eael-post-block-item-holder-inner\"><div class=\"eael-entry-media\">\n                    <div class=\"eael-entry-overlay fade-in\"><i class=\"fab fa-readme\" aria-hidden=\"true\"><\/i><a href=\"https:\/\/old.hrmnia.com\/tr\/e-ink\/\"\n                    \n                    >\n                    <\/a>\n                    <\/div>\n                    <div class=\"eael-entry-thumbnail \">\n                        <img decoding=\"async\" src=\"https:\/\/old.hrmnia.com\/wp-content\/uploads\/2024\/05\/e-ink0-300x182.jpg\" alt=\"e-ink\">\n                    <\/div>\n                <\/div><div class=\"eael-entry-wrapper\"><header class=\"eael-entry-header\"><h2 class=\"eael-entry-title\">\n                                    <a class=\"eael-grid-post-link\" href=\"https:\/\/old.hrmnia.com\/tr\/e-ink\/\" title=\"E-Ink: Yenilik\u00e7i Ekran Teknolojisi\">\n                                    E-Ink: Yenilik\u00e7i Ekran Teknolojisi\n                                    <\/a>\n\n                                <\/h2><\/header><div class=\"eael-entry-content\"><div class=\"eael-grid-post-excerpt\"><p>E-ink (elektronik m\u00fcrekkep) teknolojisi, \u00f6zellikle Amazon'un Kindles gibi elektronik okuma cihazlar\u0131nda kullan\u0131lan ekran teknolojisinde \u00f6nemli yeniliklerden biridir. M\u00fcrekkebin ka\u011f\u0131t \u00fczerindeki g\u00f6r\u00fcn\u00fcm\u00fcn\u00fc taklit ederek, daha do\u011fal...<\/p><a \n                                    href=\"https:\/\/old.hrmnia.com\/tr\/e-ink\/\" \n                                    class=\"eael-post-elements-readmore-btn\"\n                                    \n                                    >\n                                    Daha<\/a><\/div><\/div>\n                <\/div><\/div>\n    <\/div>\n<\/article><article class=\"eael-post-block-item eael-post-block-column\">\n    <div class=\"eael-post-block-item-holder\">\n        <div class=\"eael-post-block-item-holder-inner\"><div class=\"eael-entry-media\">\n                    <div class=\"eael-entry-overlay fade-in\"><i class=\"fab fa-readme\" aria-hidden=\"true\"><\/i><a href=\"https:\/\/old.hrmnia.com\/tr\/web-design-software\/\"\n                    \n                    >\n                    <\/a>\n                    <\/div>\n                    <div class=\"eael-entry-thumbnail \">\n                        <img decoding=\"async\" src=\"https:\/\/old.hrmnia.com\/wp-content\/uploads\/2024\/05\/wd-pic0-300x169.webp\" alt=\"web design\">\n                    <\/div>\n                <\/div><div class=\"eael-entry-wrapper\"><header class=\"eael-entry-header\"><h2 class=\"eael-entry-title\">\n                                    <a class=\"eael-grid-post-link\" href=\"https:\/\/old.hrmnia.com\/tr\/web-design-software\/\" title=\"G\u00f6rsel olarak \u00e7ekici web siteleri olu\u015fturmak i\u00e7in en iyi web tasar\u0131m yaz\u0131l\u0131m\u0131n\u0131 bulmak\">\n                                    G\u00f6rsel olarak \u00e7ekici web siteleri olu\u015fturmak i\u00e7in en iyi web tasar\u0131m yaz\u0131l\u0131m\u0131n\u0131 bulmak\n                                    <\/a>\n\n                                <\/h2><\/header><div class=\"eael-entry-content\"><div class=\"eael-grid-post-excerpt\"><p>G\u00f6rsel olarak \u00e7ekici web siteleri olu\u015fturmak i\u00e7in en iyi web tasar\u0131m yaz\u0131l\u0131m\u0131n\u0131 bulmak, \u00e7evrimi\u00e7i hedeflerinize ula\u015fman\u0131zda hayati bir ad\u0131md\u0131r. Piyasada bir\u00e7ok se\u00e7enek oldu\u011fundan, se\u00e7im s\u00fcrecine...<\/p><a \n                                    href=\"https:\/\/old.hrmnia.com\/tr\/web-design-software\/\" \n                                    class=\"eael-post-elements-readmore-btn\"\n                                    \n                                    >\n                                    Daha<\/a><\/div><\/div>\n                <\/div><\/div>\n    <\/div>\n<\/article><\/div>\n\t\t<\/div>            <div class=\"eael-load-more-button-wrap\">\n                <button class=\"eael-load-more-button\" id=\"eael-load-more-btn-1b9f5ee\" data-widget-id=\"1b9f5ee\" data-widget=\"1b9f5ee\" data-page-id=\"2152\" data-template=\"{&quot;dir&quot;:&quot;pro&quot;,&quot;file_name&quot;:&quot;default.php&quot;,&quot;name&quot;:&quot;Post-Block&quot;}\" data-class=\"Essential_Addons_Elementor\\Pro\\Elements\\Post_Block\" data-layout=\"\" data-page=\"1\" data-args=\"orderby=date&amp;order=desc&amp;ignore_sticky_posts=1&amp;post_status=publish&amp;posts_per_page=7&amp;offset=0&amp;post_type=post&amp;tax_query%5B0%5D%5Btaxonomy%5D=category&amp;tax_query%5B0%5D%5Bfield%5D=term_id&amp;tax_query%5B0%5D%5Bterms%5D%5B0%5D=7&amp;tax_query%5Brelation%5D=AND\" data-max-page=\"4\">\n                    <span class=\"eael-btn-loader button__loader\"><\/span>\n                    <span class=\"eael_load_more_text\">Di\u011fer makaleler<\/span>\n                <\/button>\n            <\/div>\n            \t\t\t\t<\/div>\n\t\t\t\t<\/div>\n\t\t\t\t<section data-particle_enable=\"false\" data-particle-mobile-disabled=\"false\" class=\"elementor-section elementor-inner-section elementor-element elementor-element-a9b3d57 elementor-section-boxed elementor-section-height-default elementor-section-height-default\" data-id=\"a9b3d57\" data-element_type=\"section\" data-e-type=\"section\">\n\t\t\t\t\t\t<div class=\"elementor-container elementor-column-gap-default\">\n\t\t\t\t\t<div class=\"elementor-column elementor-col-100 elementor-inner-column elementor-element elementor-element-76dc5e5\" data-id=\"76dc5e5\" data-element_type=\"column\" data-e-type=\"column\">\n\t\t\t<div class=\"elementor-widget-wrap elementor-element-populated\">\n\t\t\t\t\t\t\t<\/div>\n\t\t<\/div>\n\t\t\t\t\t<\/div>\n\t\t<\/section>\n\t\t\t\t\t<\/div>\n\t\t<\/div>\n\t\t\t\t<div class=\"elementor-column elementor-col-16 elementor-top-column elementor-element elementor-element-58a0531\" data-id=\"58a0531\" data-element_type=\"column\" data-e-type=\"column\">\n\t\t\t<div class=\"elementor-widget-wrap\">\n\t\t\t\t\t\t\t<\/div>\n\t\t<\/div>\n\t\t\t\t\t<\/div>\n\t\t<\/section>\n\t\t\t\t<\/div>\n\t\t","protected":false},"excerpt":{"rendered":"<p>\u0645\u0642\u0627\u0644\u0627\u062a \u0646\u0648\u0634\u062a\u0647 \u0634\u062f\u0647 \u062f\u0631 \u0633\u0627\u06cc\u062a \u062d\u0645\u06cc\u062f\u0631\u0636\u0627 \u0645\u06cc\u0644\u0627\u0646\u06cc \u0646\u06cc\u0627<br \/>\nhamidreza Milaninia blog<\/p>\n","protected":false},"author":1,"featured_media":0,"parent":0,"menu_order":0,"comment_status":"open","ping_status":"closed","template":"elementor_header_footer","meta":{"footnotes":""},"class_list":["post-2152","page","type-page","status-publish","hentry"],"_links":{"self":[{"href":"https:\/\/old.hrmnia.com\/tr\/wp-json\/wp\/v2\/pages\/2152","targetHints":{"allow":["GET"]}}],"collection":[{"href":"https:\/\/old.hrmnia.com\/tr\/wp-json\/wp\/v2\/pages"}],"about":[{"href":"https:\/\/old.hrmnia.com\/tr\/wp-json\/wp\/v2\/types\/page"}],"author":[{"embeddable":true,"href":"https:\/\/old.hrmnia.com\/tr\/wp-json\/wp\/v2\/users\/1"}],"replies":[{"embeddable":true,"href":"https:\/\/old.hrmnia.com\/tr\/wp-json\/wp\/v2\/comments?post=2152"}],"version-history":[{"count":1,"href":"https:\/\/old.hrmnia.com\/tr\/wp-json\/wp\/v2\/pages\/2152\/revisions"}],"predecessor-version":[{"id":2153,"href":"https:\/\/old.hrmnia.com\/tr\/wp-json\/wp\/v2\/pages\/2152\/revisions\/2153"}],"wp:attachment":[{"href":"https:\/\/old.hrmnia.com\/tr\/wp-json\/wp\/v2\/media?parent=2152"}],"curies":[{"name":"wp","href":"https:\/\/api.w.org\/{rel}","templated":true}]}}