{"id":3008,"date":"2025-10-15T19:53:19","date_gmt":"2025-10-15T16:23:19","guid":{"rendered":"https:\/\/hrmnia.com\/hemidreza-milaninia-2\/"},"modified":"2025-10-15T20:05:37","modified_gmt":"2025-10-15T16:35:37","slug":"hemidreza-milaninia-2","status":"publish","type":"page","link":"https:\/\/old.hrmnia.com\/tr\/hemidreza-milaninia-2\/","title":{"rendered":"Hemidreza Milaninia"},"content":{"rendered":"\t\t<div data-elementor-type=\"wp-page\" data-elementor-id=\"3008\" class=\"elementor elementor-3008 elementor-2990\" data-elementor-post-type=\"page\">\n\t\t\t\t\t\t<section data-particle_enable=\"false\" data-particle-mobile-disabled=\"false\" class=\"elementor-section elementor-top-section elementor-element elementor-element-15af1a0 elementor-section-boxed elementor-section-height-default elementor-section-height-default\" data-id=\"15af1a0\" data-element_type=\"section\" data-e-type=\"section\">\n\t\t\t\t\t\t<div class=\"elementor-container elementor-column-gap-default\">\n\t\t\t\t\t<div class=\"elementor-column elementor-col-100 elementor-top-column elementor-element elementor-element-cd02665\" data-id=\"cd02665\" data-element_type=\"column\" data-e-type=\"column\">\n\t\t\t<div class=\"elementor-widget-wrap elementor-element-populated\">\n\t\t\t\t\t\t<div class=\"elementor-element elementor-element-6f19260 elementor-widget elementor-widget-image\" data-id=\"6f19260\" data-element_type=\"widget\" data-e-type=\"widget\" data-widget_type=\"image.default\">\n\t\t\t\t<div class=\"elementor-widget-container\">\n\t\t\t\t\t\t\t\t\t\t\t\t\t\t\t<img fetchpriority=\"high\" decoding=\"async\" width=\"800\" height=\"534\" src=\"https:\/\/old.hrmnia.com\/wp-content\/uploads\/2025\/10\/ChatGPT-Image-Oct-15-2025-10_37_54-AM-1024x683.png\" class=\"attachment-large size-large wp-image-2993\" alt=\"Hamidreza Milaninia\" srcset=\"https:\/\/old.hrmnia.com\/wp-content\/uploads\/2025\/10\/ChatGPT-Image-Oct-15-2025-10_37_54-AM-1024x683.png 1024w, https:\/\/old.hrmnia.com\/wp-content\/uploads\/2025\/10\/ChatGPT-Image-Oct-15-2025-10_37_54-AM-300x200.png 300w, https:\/\/old.hrmnia.com\/wp-content\/uploads\/2025\/10\/ChatGPT-Image-Oct-15-2025-10_37_54-AM-768x512.png 768w, https:\/\/old.hrmnia.com\/wp-content\/uploads\/2025\/10\/ChatGPT-Image-Oct-15-2025-10_37_54-AM.png 1536w\" sizes=\"(max-width: 800px) 100vw, 800px\" \/>\t\t\t\t\t\t\t\t\t\t\t\t\t\t\t<\/div>\n\t\t\t\t<\/div>\n\t\t\t\t<div class=\"elementor-element elementor-element-6306b3d elementor-widget elementor-widget-heading\" data-id=\"6306b3d\" data-element_type=\"widget\" data-e-type=\"widget\" data-widget_type=\"heading.default\">\n\t\t\t\t<div class=\"elementor-widget-container\">\n\t\t\t\t\t<h2 class=\"elementor-heading-title elementor-size-default\">Yak\u0131nda yeni bir yap\u0131yla geri d\u00f6nece\u011fim.<\/h2>\t\t\t\t<\/div>\n\t\t\t\t<\/div>\n\t\t\t\t\t<\/div>\n\t\t<\/div>\n\t\t\t\t\t<\/div>\n\t\t<\/section>\n\t\t\t\t<section data-particle_enable=\"false\" data-particle-mobile-disabled=\"false\" class=\"elementor-section elementor-top-section elementor-element elementor-element-0bd639c elementor-section-boxed elementor-section-height-default elementor-section-height-default\" data-id=\"0bd639c\" data-element_type=\"section\" data-e-type=\"section\">\n\t\t\t\t\t\t<div class=\"elementor-container elementor-column-gap-default\">\n\t\t\t\t\t<div class=\"elementor-column elementor-col-100 elementor-top-column elementor-element elementor-element-1fe9c59\" data-id=\"1fe9c59\" data-element_type=\"column\" data-e-type=\"column\">\n\t\t\t<div class=\"elementor-widget-wrap elementor-element-populated\">\n\t\t\t\t\t\t<div class=\"elementor-element elementor-element-43ce384 elementor-widget elementor-widget-heading\" data-id=\"43ce384\" data-element_type=\"widget\" data-e-type=\"widget\" data-widget_type=\"heading.default\">\n\t\t\t\t<div class=\"elementor-widget-container\">\n\t\t\t\t\t<h2 class=\"elementor-heading-title elementor-size-default\">Site haz\u0131r olana kadar sizleri LinkedIn'de a\u011f\u0131rlamaktan mutluluk duyar\u0131m.<\/h2>\t\t\t\t<\/div>\n\t\t\t\t<\/div>\n\t\t\t\t<div class=\"elementor-element elementor-element-d5461fd elementor-shape-rounded elementor-grid-0 e-grid-align-center elementor-widget elementor-widget-social-icons\" data-id=\"d5461fd\" data-element_type=\"widget\" data-e-type=\"widget\" data-widget_type=\"social-icons.default\">\n\t\t\t\t<div class=\"elementor-widget-container\">\n\t\t\t\t\t\t\t<div class=\"elementor-social-icons-wrapper elementor-grid\">\n\t\t\t\t\t\t\t<span class=\"elementor-grid-item\">\n\t\t\t\t\t<a class=\"elementor-icon elementor-social-icon elementor-social-icon-linkedin elementor-repeater-item-ff1c899\" href=\"http:\/\/www.linkedin.com\/in\/hamidreza-milaninia-0b470577\" target=\"_blank\" rel=\"noopener\">\n\t\t\t\t\t\t<span class=\"elementor-screen-only\">Linkedin<\/span>\n\t\t\t\t\t\t<svg aria-hidden=\"true\" class=\"e-font-icon-svg e-fab-linkedin\" viewBox=\"0 0 448 512\" xmlns=\"http:\/\/www.w3.org\/2000\/svg\"><path d=\"M416 32H31.9C14.3 32 0 46.5 0 64.3v383.4C0 465.5 14.3 480 31.9 480H416c17.6 0 32-14.5 32-32.3V64.3c0-17.8-14.4-32.3-32-32.3zM135.4 416H69V202.2h66.5V416zm-33.2-243c-21.3 0-38.5-17.3-38.5-38.5S80.9 96 102.2 96c21.2 0 38.5 17.3 38.5 38.5 0 21.3-17.2 38.5-38.5 38.5zm282.1 243h-66.4V312c0-24.8-.5-56.7-34.5-56.7-34.6 0-39.9 27-39.9 54.9V416h-66.4V202.2h63.7v29.2h.9c8.9-16.8 30.6-34.5 62.9-34.5 67.2 0 79.7 44.3 79.7 101.9V416z\"><\/path><\/svg>\t\t\t\t\t<\/a>\n\t\t\t\t<\/span>\n\t\t\t\t\t<\/div>\n\t\t\t\t\t\t<\/div>\n\t\t\t\t<\/div>\n\t\t\t\t\t<\/div>\n\t\t<\/div>\n\t\t\t\t\t<\/div>\n\t\t<\/section>\n\t\t\t\t<\/div>\n\t\t","protected":false},"excerpt":{"rendered":"<p>Yak\u0131nda yeni bir yap\u0131yla geri d\u00f6nece\u011fim. Site haz\u0131r olana kadar sizleri LinkedIn&#8217;de a\u011f\u0131rlamaktan mutluluk duyar\u0131m. Linkedin<\/p>\n","protected":false},"author":1,"featured_media":0,"parent":0,"menu_order":0,"comment_status":"closed","ping_status":"closed","template":"elementor_canvas","meta":{"footnotes":""},"class_list":["post-3008","page","type-page","status-publish","hentry"],"_links":{"self":[{"href":"https:\/\/old.hrmnia.com\/tr\/wp-json\/wp\/v2\/pages\/3008","targetHints":{"allow":["GET"]}}],"collection":[{"href":"https:\/\/old.hrmnia.com\/tr\/wp-json\/wp\/v2\/pages"}],"about":[{"href":"https:\/\/old.hrmnia.com\/tr\/wp-json\/wp\/v2\/types\/page"}],"author":[{"embeddable":true,"href":"https:\/\/old.hrmnia.com\/tr\/wp-json\/wp\/v2\/users\/1"}],"replies":[{"embeddable":true,"href":"https:\/\/old.hrmnia.com\/tr\/wp-json\/wp\/v2\/comments?post=3008"}],"version-history":[{"count":1,"href":"https:\/\/old.hrmnia.com\/tr\/wp-json\/wp\/v2\/pages\/3008\/revisions"}],"predecessor-version":[{"id":3009,"href":"https:\/\/old.hrmnia.com\/tr\/wp-json\/wp\/v2\/pages\/3008\/revisions\/3009"}],"wp:attachment":[{"href":"https:\/\/old.hrmnia.com\/tr\/wp-json\/wp\/v2\/media?parent=3008"}],"curies":[{"name":"wp","href":"https:\/\/api.w.org\/{rel}","templated":true}]}}