{"id":869,"date":"2024-01-29T20:18:42","date_gmt":"2024-01-29T16:48:42","guid":{"rendered":"https:\/\/hrmnia.com\/site-map\/"},"modified":"2024-04-08T15:59:09","modified_gmt":"2024-04-08T11:29:09","slug":"site-map","status":"publish","type":"page","link":"https:\/\/old.hrmnia.com\/tr\/site-map\/","title":{"rendered":"site map"},"content":{"rendered":"\t\t<div data-elementor-type=\"wp-page\" data-elementor-id=\"869\" class=\"elementor elementor-869 elementor-461\" data-elementor-post-type=\"page\">\n\t\t\t\t\t\t<section data-particle_enable=\"false\" data-particle-mobile-disabled=\"false\" class=\"elementor-section elementor-top-section elementor-element elementor-element-2d1ff60 elementor-section-full_width elementor-section-stretched elementor-section-height-default elementor-section-height-default\" data-id=\"2d1ff60\" data-element_type=\"section\" data-e-type=\"section\" data-settings=\"{&quot;stretch_section&quot;:&quot;section-stretched&quot;,&quot;shape_divider_top&quot;:&quot;opacity-tilt&quot;}\">\n\t\t\t\t\t<div class=\"elementor-shape elementor-shape-top\" aria-hidden=\"true\" data-negative=\"false\">\n\t\t\t<svg xmlns=\"http:\/\/www.w3.org\/2000\/svg\" viewBox=\"0 0 2600 131.1\" preserveAspectRatio=\"none\">\n\t<path class=\"elementor-shape-fill\" d=\"M0 0L2600 0 2600 69.1 0 0z\"\/>\n\t<path class=\"elementor-shape-fill\" style=\"opacity:0.5\" d=\"M0 0L2600 0 2600 69.1 0 69.1z\"\/>\n\t<path class=\"elementor-shape-fill\" style=\"opacity:0.25\" d=\"M2600 0L0 0 0 130.1 2600 69.1z\"\/>\n<\/svg>\t\t<\/div>\n\t\t\t\t\t<div class=\"elementor-container elementor-column-gap-default\">\n\t\t\t\t\t<div class=\"elementor-column elementor-col-66 elementor-top-column elementor-element elementor-element-65fd0be\" data-id=\"65fd0be\" data-element_type=\"column\" data-e-type=\"column\" data-settings=\"{&quot;background_background&quot;:&quot;gradient&quot;}\">\n\t\t\t<div class=\"elementor-widget-wrap elementor-element-populated\">\n\t\t\t\t\t\t<div class=\"elementor-element elementor-element-b7c9d82 elementor-widget elementor-widget-heading\" data-id=\"b7c9d82\" data-element_type=\"widget\" data-e-type=\"widget\" data-widget_type=\"heading.default\">\n\t\t\t\t<div class=\"elementor-widget-container\">\n\t\t\t\t\t<h2 class=\"elementor-heading-title elementor-size-default\">Site haritas\u0131\n<\/h2>\t\t\t\t<\/div>\n\t\t\t\t<\/div>\n\t\t\t\t<div class=\"elementor-element elementor-element-258959e elementor-widget elementor-widget-sitemap\" data-id=\"258959e\" data-element_type=\"widget\" data-e-type=\"widget\" data-widget_type=\"sitemap.default\">\n\t\t\t\t<div class=\"elementor-widget-container\">\n\t\t\t\t\t<div class=\"elementor-sitemap-wrap\"><div class=\"elementor-sitemap-section\"><h2 class=\"elementor-sitemap-title elementor-sitemap-e-landing-page-title\">A\u00e7\u0131l\u0131\u015f Sayfalar\u0131<\/h2><ul class=\"elementor-sitemap-list elementor-sitemap-e-landing-page-list\"><li class=\"elementor-sitemap-item elementor-sitemap-item-e-landing-page page_item page-item-1133\"><a href=\"https:\/\/old.hrmnia.com\/tr\/landing-page\/\">landing page<\/a><\/li><\/ul><\/div><div class=\"elementor-sitemap-section\"><h2 class=\"elementor-sitemap-title elementor-sitemap-page-title\">\u0628\u0631\u06af\u0647 \u0647\u0627<\/h2><ul class=\"elementor-sitemap-list elementor-sitemap-page-list\"><li class=\"elementor-sitemap-item elementor-sitemap-item-page page_item page-item-3008\"><a href=\"https:\/\/old.hrmnia.com\/tr\/hemidreza-milaninia-2\/\">Hemidreza Milaninia<\/a><\/li><li class=\"elementor-sitemap-item elementor-sitemap-item-page page_item page-item-2152\"><a href=\"https:\/\/old.hrmnia.com\/tr\/blog_new\/\">blog_new<\/a><\/li><li class=\"elementor-sitemap-item elementor-sitemap-item-page page_item page-item-869\"><a href=\"https:\/\/old.hrmnia.com\/tr\/site-map\/\">site map<\/a><\/li><li class=\"elementor-sitemap-item elementor-sitemap-item-page page_item page-item-875\"><a href=\"https:\/\/old.hrmnia.com\/tr\/login-page\/\">login page<\/a><\/li><li class=\"elementor-sitemap-item elementor-sitemap-item-page page_item page-item-821\"><a href=\"https:\/\/old.hrmnia.com\/tr\/about-me\/\">about me<\/a><\/li><li class=\"elementor-sitemap-item elementor-sitemap-item-page page_item page-item-1168\"><a href=\"https:\/\/old.hrmnia.com\/tr\/gelin-ve-gorun-milaninia\/\">Gelin ve g\u00f6r\u00fcn (Milaninia)<\/a><\/li><li class=\"elementor-sitemap-item elementor-sitemap-item-page page_item page-item-866\"><a href=\"https:\/\/old.hrmnia.com\/tr\/portfolio\/\">portfolio<\/a><\/li><li class=\"elementor-sitemap-item elementor-sitemap-item-page page_item page-item-859\"><a href=\"https:\/\/old.hrmnia.com\/tr\/blog\/\">Blog<\/a><\/li><li class=\"elementor-sitemap-item elementor-sitemap-item-page page_item page-item-852\"><a href=\"https:\/\/old.hrmnia.com\/tr\/bana-ulasin\/\">Bana ula\u015f\u0131n<\/a><\/li><li class=\"elementor-sitemap-item elementor-sitemap-item-page page_item page-item-813\"><a href=\"https:\/\/old.hrmnia.com\/tr\/\">Hemidreza Milaninia<\/a><\/li><li class=\"elementor-sitemap-item elementor-sitemap-item-page page_item page-item-1832\"><a href=\"https:\/\/old.hrmnia.com\/tr\/404-2\/\">404<\/a><\/li><\/ul><\/div><div class=\"elementor-sitemap-section\"><h2 class=\"elementor-sitemap-title elementor-sitemap-post-title\">Yaz\u0131lar<\/h2><ul class=\"elementor-sitemap-list elementor-sitemap-post-list\"><li class=\"elementor-sitemap-item elementor-sitemap-item-post page_item page-item-2943\"><a href=\"https:\/\/old.hrmnia.com\/tr\/squarespace\/\">\u0631\u0627\u0647\u0646\u0645\u0627\u06cc \u0637\u0631\u0627\u062d\u06cc \u0633\u0627\u06cc\u062a \u0628\u0627 Squarespace<\/a><\/li><li class=\"elementor-sitemap-item elementor-sitemap-item-post page_item page-item-2667\"><a href=\"https:\/\/old.hrmnia.com\/tr\/freelancing\/\">Freelance \u00c7al\u0131\u015fma: Ba\u011f\u0131ms\u0131z \u00c7al\u0131\u015fma \u0130\u00e7in Kapsaml\u0131 Bir Rehber<\/a><\/li><li class=\"elementor-sitemap-item elementor-sitemap-item-post page_item page-item-2626\"><a href=\"https:\/\/old.hrmnia.com\/tr\/bakhtiari-food-products\/\">Bakhtiari Food Products<\/a><\/li><li class=\"elementor-sitemap-item elementor-sitemap-item-post page_item page-item-2602\"><a href=\"https:\/\/old.hrmnia.com\/tr\/tooskave\/\">ToosKave co<\/a><\/li><li class=\"elementor-sitemap-item elementor-sitemap-item-post page_item page-item-2505\"><a href=\"https:\/\/old.hrmnia.com\/tr\/bakhtiari-carpet\/\">Bakhtiari hal\u0131s\u0131 (Bakhtiari carpet)<\/a><\/li><li class=\"elementor-sitemap-item elementor-sitemap-item-post page_item page-item-2470\"><a href=\"https:\/\/old.hrmnia.com\/tr\/brain-abilities\/\">\u0130nsan beyninin yetenekleri hakk\u0131nda 7 nokta (Brain Abilities)<\/a><\/li><li class=\"elementor-sitemap-item elementor-sitemap-item-post page_item page-item-2431\"><a href=\"https:\/\/old.hrmnia.com\/tr\/modern-marketing\/\">Modern pazarlamaya (Modern Marketing)<\/a><\/li><li class=\"elementor-sitemap-item elementor-sitemap-item-post page_item page-item-2374\"><a href=\"https:\/\/old.hrmnia.com\/tr\/web\/\">D\u00fcnya \u00c7ap\u0131nda A\u011f (WEB): Dijital D\u00f6n\u00fc\u015f\u00fcm\u00fcn Bir Yolculu\u011fu<\/a><\/li><li class=\"elementor-sitemap-item elementor-sitemap-item-post page_item page-item-2343\"><a href=\"https:\/\/old.hrmnia.com\/tr\/e-ink\/\">E-Ink: Yenilik\u00e7i Ekran Teknolojisi<\/a><\/li><li class=\"elementor-sitemap-item elementor-sitemap-item-post page_item page-item-2320\"><a href=\"https:\/\/old.hrmnia.com\/tr\/otana-asanbar\/\">Otana Asanbar Farhang \u015eirketi<\/a><\/li><li class=\"elementor-sitemap-item elementor-sitemap-item-post page_item page-item-2298\"><a href=\"https:\/\/old.hrmnia.com\/tr\/web-design-software\/\">G\u00f6rsel olarak \u00e7ekici web siteleri olu\u015fturmak i\u00e7in en iyi web tasar\u0131m yaz\u0131l\u0131m\u0131n\u0131 bulmak<\/a><\/li><li class=\"elementor-sitemap-item elementor-sitemap-item-post page_item page-item-2260\"><a href=\"https:\/\/old.hrmnia.com\/tr\/cam-sensor\/\">Farkl\u0131 T\u00fcrde Kamera Sens\u00f6rlerinin Kapsaml\u0131 Bir \u0130ncelemesi<\/a><\/li><li class=\"elementor-sitemap-item elementor-sitemap-item-post page_item page-item-2213\"><a href=\"https:\/\/old.hrmnia.com\/tr\/website-backup\/\">Web Sitesi Yedeklemenin \u00d6nemi ve Nas\u0131l Yap\u0131l\u0131r (Website Backup)<\/a><\/li><li class=\"elementor-sitemap-item elementor-sitemap-item-post page_item page-item-2172\"><a href=\"https:\/\/old.hrmnia.com\/tr\/future-value\/\">Mevcut \u00d6demelerin Gelecek De\u011feri<\/a><\/li><li class=\"elementor-sitemap-item elementor-sitemap-item-post page_item page-item-2092\"><a href=\"https:\/\/old.hrmnia.com\/tr\/optical-fiber\/\">Optik Fiberle Bilgi Transferi<\/a><\/li><li class=\"elementor-sitemap-item elementor-sitemap-item-post page_item page-item-1957\"><a href=\"https:\/\/old.hrmnia.com\/tr\/ai\/\">Yapay zeka (AI) insanl\u0131k i\u00e7in bir tehdit midir<\/a><\/li><li class=\"elementor-sitemap-item elementor-sitemap-item-post page_item page-item-1744\"><a href=\"https:\/\/old.hrmnia.com\/tr\/responsive\/\">Duyarl\u0131 Web Sitelerinin Kapsaml\u0131 Analizi<\/a><\/li><li class=\"elementor-sitemap-item elementor-sitemap-item-post page_item page-item-1716\"><a href=\"https:\/\/old.hrmnia.com\/tr\/multilingual\/\">Dijital D\u00fcnyada \u00c7ok Dilli Web Sitelerinin Rol\u00fc ve \u00d6nemi<\/a><\/li><li class=\"elementor-sitemap-item elementor-sitemap-item-post page_item page-item-1678\"><a href=\"https:\/\/old.hrmnia.com\/tr\/website-color\/\">web sitesi i\u00e7in renk se\u00e7imi<\/a><\/li><li class=\"elementor-sitemap-item elementor-sitemap-item-post page_item page-item-1654\"><a href=\"https:\/\/old.hrmnia.com\/tr\/antalya\/\">Antalya \u0622\u0646\u062a\u0627\u0644\u06cc\u0627<\/a><\/li><li class=\"elementor-sitemap-item elementor-sitemap-item-post page_item page-item-1609\"><a href=\"https:\/\/old.hrmnia.com\/tr\/turkey\/\">Turkey<\/a><\/li><li class=\"elementor-sitemap-item elementor-sitemap-item-post page_item page-item-816\"><a href=\"https:\/\/old.hrmnia.com\/tr\/compuweb-co\/\">CompuWEB co<\/a><\/li><li class=\"elementor-sitemap-item elementor-sitemap-item-post page_item page-item-818\"><a href=\"https:\/\/old.hrmnia.com\/tr\/golemkan-ekoturizmi\/\">Golemkan ekoturizmi<\/a><\/li><li class=\"elementor-sitemap-item elementor-sitemap-item-post page_item page-item-1273\"><a href=\"https:\/\/old.hrmnia.com\/tr\/tcp-ip-protokolu\/\">TCP\/IP protokol\u00fc<\/a><\/li><li class=\"elementor-sitemap-item elementor-sitemap-item-post page_item page-item-1278\"><a href=\"https:\/\/old.hrmnia.com\/tr\/internetin-tarihi\/\">\u0130nternetin tarihi<\/a><\/li><li class=\"elementor-sitemap-item elementor-sitemap-item-post page_item page-item-1484\"><a href=\"https:\/\/old.hrmnia.com\/tr\/programlama-icin-10-temel-adim\/\">Programlama i\u00e7in 10 temel ad\u0131m<\/a><\/li><li class=\"elementor-sitemap-item elementor-sitemap-item-post page_item page-item-863\"><a href=\"https:\/\/old.hrmnia.com\/tr\/cay-veya-kahve-sorun-su-tea-or-coffee\/\">\u00e7ay veya kahve Sorun \u015fu! (tea or coffee)<\/a><\/li><li class=\"elementor-sitemap-item elementor-sitemap-item-post page_item page-item-862\"><a href=\"https:\/\/old.hrmnia.com\/tr\/elektronik-sigara-hakkinda-her-sey\/\">Elektronik sigara hakk\u0131nda her \u015fey<\/a><\/li><li class=\"elementor-sitemap-item elementor-sitemap-item-post page_item page-item-1337\"><a href=\"https:\/\/old.hrmnia.com\/tr\/web-tasarimi-webdesign-ilkeler-adimlar-ve-zorluklar\/\">Web Tasar\u0131m\u0131 (Webdesign): \u0130lkeler, ad\u0131mlar ve zorluklar<\/a><\/li><li class=\"elementor-sitemap-item elementor-sitemap-item-post page_item page-item-1544\"><a href=\"https:\/\/old.hrmnia.com\/tr\/neden-wordpress-why-wordpress\/\">Neden WordPress? (Why WordPress?)<\/a><\/li><li class=\"elementor-sitemap-item elementor-sitemap-item-post page_item page-item-1283\"><a href=\"https:\/\/old.hrmnia.com\/tr\/wordpressin-gelecegi\/\">WordPress&#8217;in gelece\u011fi<\/a><\/li><\/ul><\/div><\/div>\t\t\t\t<\/div>\n\t\t\t\t<\/div>\n\t\t\t\t\t<\/div>\n\t\t<\/div>\n\t\t\t\t<div class=\"elementor-column elementor-col-33 elementor-top-column elementor-element elementor-element-cc4075d\" data-id=\"cc4075d\" data-element_type=\"column\" data-e-type=\"column\">\n\t\t\t<div class=\"elementor-widget-wrap elementor-element-populated\">\n\t\t\t\t\t\t\t<\/div>\n\t\t<\/div>\n\t\t\t\t\t<\/div>\n\t\t<\/section>\n\t\t\t\t<\/div>\n\t\t","protected":false},"excerpt":{"rendered":"<p>Site haritas\u0131<\/p>\n","protected":false},"author":1,"featured_media":753,"parent":0,"menu_order":0,"comment_status":"closed","ping_status":"closed","template":"","meta":{"footnotes":""},"class_list":["post-869","page","type-page","status-publish","has-post-thumbnail","hentry"],"_links":{"self":[{"href":"https:\/\/old.hrmnia.com\/tr\/wp-json\/wp\/v2\/pages\/869","targetHints":{"allow":["GET"]}}],"collection":[{"href":"https:\/\/old.hrmnia.com\/tr\/wp-json\/wp\/v2\/pages"}],"about":[{"href":"https:\/\/old.hrmnia.com\/tr\/wp-json\/wp\/v2\/types\/page"}],"author":[{"embeddable":true,"href":"https:\/\/old.hrmnia.com\/tr\/wp-json\/wp\/v2\/users\/1"}],"replies":[{"embeddable":true,"href":"https:\/\/old.hrmnia.com\/tr\/wp-json\/wp\/v2\/comments?post=869"}],"version-history":[{"count":0,"href":"https:\/\/old.hrmnia.com\/tr\/wp-json\/wp\/v2\/pages\/869\/revisions"}],"wp:featuredmedia":[{"embeddable":true,"href":"https:\/\/old.hrmnia.com\/tr\/wp-json\/wp\/v2\/media\/753"}],"wp:attachment":[{"href":"https:\/\/old.hrmnia.com\/tr\/wp-json\/wp\/v2\/media?parent=869"}],"curies":[{"name":"wp","href":"https:\/\/api.w.org\/{rel}","templated":true}]}}